{"id":2758,"date":"2022-06-01T16:25:49","date_gmt":"2022-06-01T20:25:49","guid":{"rendered":"https:\/\/facturozor.fr\/?page_id=2758"},"modified":"2022-06-01T21:24:50","modified_gmt":"2022-06-02T01:24:50","slug":"revendeurs-facturozor","status":"publish","type":"page","link":"https:\/\/facturozor.fr\/index.php\/revendeurs-facturozor\/","title":{"rendered":"Inscription Webinaire REVENDEURS FACTUROZOR"},"content":{"rendered":"<p><span style=\"width: 100%;\"><img decoding=\"async\" alt=\"\" width=\"326\" height=\"102\" title=\"Image\" data-id=\"1738\" src=\"https:\/\/facturozor.fr\/wp-content\/uploads\/2021\/05\/Image.png\" style=\"\" data-width=\"326\" data-height=\"102\" data-init-width=\"800\" data-init-height=\"250\" loading=\"lazy\"><\/span><\/p>\n<h1 style=\"text-align: center;\"><span>Devenez&nbsp;<\/span><\/h1>\n<h1 style=\"text-align: center;\"><span><strong>REVENDEUR<\/strong> FACTUROZOR <strong>Labellis\u00e9<\/strong><\/span><\/h1>\n<h4 style=\"text-align: center;\"><span style=\"\">Guillian et Audrey vous pr\u00e9senteront le programme de certification permettant de revendre la suite FACTUROZOR aupr\u00e8s des dirigeants de TPE\/PME aux Antilles-Guyane et ainsi compl\u00e9ter vos revenus mensuels jusqu&rsquo;\u00e0 650\u20ac\/mois.<\/span><\/h4>\n<p style=\"\">\u00c0 quelle adresse e-mail souhaitez vous recevoir le lien de la visio ?<\/p>\n<h2 style=\"text-align: center;\"><strong><span><span style=\"font-size: 71px;\">1<\/span> date de pr\u00e9sentation et&nbsp;<\/span><\/strong><\/h2>\n<h2 style=\"text-align: center;\"><strong><span><span style=\"text-decoration: underline;\">PAS de replay&nbsp;<\/span>:&nbsp;<\/span><\/strong><\/h2>\n<p style=\"text-align: center;\"><span><b><span style=\"color: rgb(1, 54, 65); --tcb-applied-color: rgb(106, 107, 108)  !important;\">Mardi 7 juin<\/span><strong><strong>&nbsp;\u00e0 13h <\/strong><\/strong><\/b><\/span><\/p>\n<p style=\"text-align: center;\"><span><b><strong><strong>sur ZOOM<\/strong><\/strong><\/b><\/span><\/p>\n<p style=\"text-align: center;\"><span><b><strong><strong>(heure des Antilles)<\/strong><\/strong><\/b><\/span><\/p>\n<h2 style=\"text-align: center;\"><strong><span style=\"\">FACTUROZOR<\/span>, C&rsquo;EST L&rsquo;UNIQUE ASSOCI\u00c9 QUI VOUS AIDE AU QUOTIDIEN DANS LA <span style=\"\">POSTURE DE LEADER<\/span> <\/strong><\/h2>\n<h2 style=\"text-align: center;\"><strong>QUE VOUS M\u00c9RITEZ !<\/strong><\/h2>\n<p><span><img decoding=\"async\" alt=\"\" data-id=\"1809\" width=\"811\" data-init-width=\"1000\" height=\"369\" data-init-height=\"455\" title=\"Photo Offre FACTUROZOR\" src=\"https:\/\/facturozor.fr\/wp-content\/uploads\/2021\/05\/Photo-Offre-FACTUROZOR-e1621773952890.png\" data-width=\"811\" data-height=\"369\" style=\"\" data-link-wrap=\"true\" loading=\"lazy\"><\/span><\/p>\n<p style=\"text-align: center;\">C&rsquo;est outil tout-en-un a \u00e9t\u00e9 con\u00e7u pour les entrepreneur.e.s passion\u00e9.e.s et d\u00e9termin\u00e9.e.s \u00e0 r\u00e9ussir qui ne sont<\/p>\n<p style=\"text-align: center;\"><strong><span style=\"color: var(--tcb-color-1);\">ni contr\u00f4leurs de gestion, ni directeurs financier&nbsp;<\/span><\/strong><span style=\"color: var(--tcb-color-1);\">et<strong>&nbsp;encore moins experts-comptables<\/strong> &#8230;<\/span><\/p>\n<p><span style=\"\"><img decoding=\"async\" alt=\"\" data-id=\"1814\" width=\"144\" data-init-width=\"200\" height=\"144\" data-init-height=\"200\" title=\"Vert clair de 200 200 (1)\" src=\"https:\/\/facturozor.fr\/wp-content\/uploads\/2021\/05\/Vert-clair-de-200-200-1.png\" data-width=\"144\" data-height=\"144\" style=\"\" ml-d=\"-18.718999999999994\" loading=\"lazy\"><\/span><\/p>\n<h4 style=\"\">\u201c<\/h4>\n<p style=\"text-align: justify;\">Excuse-moi l\u2019expression : Putain Guillian Facturozor me sauve la vie <img decoding=\"async\" role=\"img\" alt=\"\ud83d\ude02\" src=\"https:\/\/s.w.org\/images\/core\/emoji\/14.0.0\/svg\/1f602.svg\"><img decoding=\"async\" role=\"img\" alt=\"\ud83d\ude01\" src=\"https:\/\/s.w.org\/images\/core\/emoji\/14.0.0\/svg\/1f601.svg\">,Je suis perdu entre mes factures, devis, diff\u00e9rents clients&#8230; des que je me connecte tout devient plus clair <img decoding=\"async\" role=\"img\" alt=\"\ud83d\udd25\" src=\"https:\/\/s.w.org\/images\/core\/emoji\/14.0.0\/svg\/1f525.svg\"><img decoding=\"async\" role=\"img\" alt=\"\ud83d\udd25\" src=\"https:\/\/s.w.org\/images\/core\/emoji\/14.0.0\/svg\/1f525.svg\"><img decoding=\"async\" role=\"img\" alt=\"\ud83d\udd25\" src=\"https:\/\/s.w.org\/images\/core\/emoji\/14.0.0\/svg\/1f525.svg\"><\/p>\n<h4 style=\"\">E.Edmond<\/h4>\n<p style=\"\">Formateur<\/p>\n<p><span style=\"\"><img decoding=\"async\" alt=\"\" data-id=\"509\" width=\"144\" data-init-width=\"311\" height=\"144\" data-init-height=\"354\" title=\"photo roro\" src=\"https:\/\/facturozor.fr\/wp-content\/uploads\/2019\/01\/photo-roro.png\" data-width=\"144\" data-height=\"144\" style=\"\" ml-d=\"-18.718999999999994\" loading=\"lazy\"><\/span><\/p>\n<h4 style=\"\">\u201c<\/h4>\n<p style=\"text-align: justify;\">Je g\u00e8re 2 activit\u00e9s en parall\u00e8le. J&rsquo;utilise la solution d\u00e9velopp\u00e9e par Guillian vraiement pratique et tr\u00e8s fonctionnelle elle r\u00e9pond \u00e0 mes diff\u00e9rents besoins. &nbsp;Et de fa\u00e7on g\u00e9n\u00e9rale, ke me sens plus serein et plus professionnel dans ma gestion. Surtout le support client est Top ! Guillian est au petit soin pour s&rsquo;assurer que je suis toujours satisfait. Je valide<\/p>\n<h4 style=\"\">R.HOSPICE<\/h4>\n<p style=\"font-size: 11px !important;\">Co-Fondateur de Clikodoc<\/p>\n<p><span style=\"\"><img decoding=\"async\" alt=\"\" data-id=\"1815\" width=\"144\" data-init-width=\"200\" height=\"144\" data-init-height=\"200\" title=\"Wtsp Jaguar de 200 200\" src=\"https:\/\/facturozor.fr\/wp-content\/uploads\/2021\/05\/Wtsp-Jaguar-de-200-200.png\" data-width=\"144\" data-height=\"144\" style=\"\" ml-d=\"-18.718999999999994\" loading=\"lazy\"><\/span><\/p>\n<h4 style=\"\">\u201c<\/h4>\n<p style=\"\">En tant qu ancien revendeur de logiciels de gestion Sinc\u00e8rement je trouve vraiment bien fait et r\u00e9fl\u00e9chi.Simple d utilisation et intuitif Bravo Guillian. Tu merite de rouler en Jaguar pour tout ce taff.<\/p>\n<h4 style=\"\">J.HOMESPUN<\/h4>\n<p style=\"font-size: 11px !important;\">Fondateur de tout-\u00e0-livrer<\/p>\n<p style=\"text-align: center;\">\u00a9 2021 FACTUROZOR est une marque de FACTUROZOR &#8211; Tous Droits R\u00e9serv\u00e9s<\/p>\n","protected":false},"excerpt":{"rendered":"<p>Devenez&nbsp; REVENDEUR FACTUROZOR Labellis\u00e9 Guillian et Audrey vous pr\u00e9senteront le programme de certification permettant de revendre la suite FACTUROZOR aupr\u00e8s des dirigeants de TPE\/PME aux Antilles-Guyane et ainsi compl\u00e9ter vos revenus mensuels jusqu&rsquo;\u00e0 650\u20ac\/mois. \u00c0 quelle adresse e-mail souhaitez vous recevoir le lien de la visio ? 1 date de pr\u00e9sentation et&nbsp; PAS de replay&nbsp;:&nbsp; [&hellip;]<\/p>\n","protected":false},"author":1,"featured_media":0,"parent":0,"menu_order":0,"comment_status":"closed","ping_status":"closed","template":"","meta":{"footnotes":""},"class_list":["post-2758","page","type-page","status-publish","hentry","post-wrapper","thrv_wrapper"],"_links":{"self":[{"href":"https:\/\/facturozor.fr\/index.php\/wp-json\/wp\/v2\/pages\/2758"}],"collection":[{"href":"https:\/\/facturozor.fr\/index.php\/wp-json\/wp\/v2\/pages"}],"about":[{"href":"https:\/\/facturozor.fr\/index.php\/wp-json\/wp\/v2\/types\/page"}],"author":[{"embeddable":true,"href":"https:\/\/facturozor.fr\/index.php\/wp-json\/wp\/v2\/users\/1"}],"replies":[{"embeddable":true,"href":"https:\/\/facturozor.fr\/index.php\/wp-json\/wp\/v2\/comments?post=2758"}],"version-history":[{"count":10,"href":"https:\/\/facturozor.fr\/index.php\/wp-json\/wp\/v2\/pages\/2758\/revisions"}],"predecessor-version":[{"id":2771,"href":"https:\/\/facturozor.fr\/index.php\/wp-json\/wp\/v2\/pages\/2758\/revisions\/2771"}],"wp:attachment":[{"href":"https:\/\/facturozor.fr\/index.php\/wp-json\/wp\/v2\/media?parent=2758"}],"curies":[{"name":"wp","href":"https:\/\/api.w.org\/{rel}","templated":true}]}}