{"id":2745,"date":"2022-02-08T06:37:05","date_gmt":"2022-02-08T10:37:05","guid":{"rendered":"https:\/\/facturozor.fr\/?page_id=2745"},"modified":"2022-02-08T13:19:03","modified_gmt":"2022-02-08T17:19:03","slug":"demoguada","status":"publish","type":"page","link":"https:\/\/facturozor.fr\/index.php\/demoguada\/","title":{"rendered":"Inscription D\u00e9mo Gratuite"},"content":{"rendered":"<h1 style=\"text-align: center;\"><span style=\"font-size: 54px;\">Devenez un<\/span><strong>PRO<\/strong><span style=\"font-size: 54px;\">de la gestion pour emmener votre business au<\/span><strong>niveau sup\u00e9rieur<\/strong> !<\/h1>\n<p style=\"text-align: center;\">La suite compl\u00e8te de Facturozor rien que pour vous !<\/p>\n<p style=\"text-align: center;\"><strong>1<\/strong> outil pour tout g\u00e9rer &#8230;<\/p>\n<p><span style=\"\"><img decoding=\"async\" alt=\"\" data-id=\"1809\" width=\"865\" data-init-width=\"1000\" height=\"394\" data-init-height=\"455\" title=\"Photo Offre FACTUROZOR\" loading=\"lazy\" src=\"https:\/\/facturozor.fr\/wp-content\/uploads\/2021\/05\/Photo-Offre-FACTUROZOR-e1621773952890.png\" data-width=\"865\" data-height=\"394\" style=\"\" mt-d=\"0\" ml-d=\"0\"><\/span><\/p>\n<p style=\"text-align: center;\">En partenariat avec <strong>Ir\u00e9sa Guadeloupe<\/strong>,<\/p>\n<p style=\"text-align: center;\">nous vous invitons \u00e0 une <strong>d\u00e9mo compl\u00e8te ce jeudi 10 f\u00e9vrier \u00e0 13h<\/strong><\/p>\n<h3 style=\"text-align: center; color: rgb(1, 54, 65) !important; --tcb-applied-color:rgb(1, 54, 65)  !important;\"><strong>Prise en main rapide<\/strong><\/h3>\n<p style=\"text-align: center;\">Facturozor a \u00e9t\u00e9 con\u00e7ue sp\u00e9cifiquement pour les dirigeants de TPME. Il est simple, tr\u00e8s op\u00e9rationnel et logique !<\/p>\n<h3 style=\"text-align: center; color: rgb(1, 54, 65) !important; --tcb-applied-color:rgb(1, 54, 65)  !important;\"><strong>Support client sur WhatsApp<\/strong><\/h3>\n<p style=\"text-align: center;\">Pour plus de r\u00e9activit\u00e9, notre support client se fait essentiellement sur WhatsApp via des audios , photos, vid\u00e9os et textes.<\/p>\n<h3 style=\"text-align: center; color: rgb(1, 54, 65) !important; --tcb-applied-color:rgb(1, 54, 65)  !important;\"><strong>Aux normes fran\u00e7aises <\/strong><\/h3>\n<p>Facturozor r\u00e9ponds aux diff\u00e9rentes normes fran\u00e7aises en vigueurs notamment la loi anti-fraude TVA.&nbsp;<\/p>\n<p style=\"\"><strong>\u201c<\/strong><\/p>\n<h3 style=\"color: var(--tcb-color-1)  !important; --tcb-applied-color:var$(--tcb-color-1)  !important;\">T\u00e9moignages d&rsquo;utilisateurs<\/h3>\n<p><span><img decoding=\"async\" alt=\"\" title=\"Vert clair de 200 200 (1)\" data-id=\"1814\" src=\"https:\/\/facturozor.fr\/wp-content\/uploads\/2021\/05\/Vert-clair-de-200-200-1.png\" width=\"69\" height=\"69\" data-width=\"69\" data-height=\"69\" data-init-width=\"200\" data-init-height=\"200\" loading=\"lazy\"><\/span><\/p>\n<p style=\"text-align: center;\"><strong><span style=\"font-family: Neuton; font-weight: 300;\">Eric<\/span><\/strong> &#8211; Formateur<\/p>\n<p style=\"text-align: center;\">Excuse-moi l\u2019expression : Putain Guillian Facturozor me sauve la vie <img decoding=\"async\" role=\"img\" alt=\"\ud83d\ude02\" src=\"https:\/\/s.w.org\/images\/core\/emoji\/13.0.1\/svg\/1f602.svg\"><img decoding=\"async\" role=\"img\" alt=\"\ud83d\ude01\" src=\"https:\/\/s.w.org\/images\/core\/emoji\/13.0.1\/svg\/1f601.svg\">,Je suis perdu entre mes factures, devis, diff\u00e9rents clients&#8230; des que je me connecte tout devient plus clair <img decoding=\"async\" role=\"img\" alt=\"\ud83d\udd25\" src=\"https:\/\/s.w.org\/images\/core\/emoji\/13.0.1\/svg\/1f525.svg\"><img decoding=\"async\" role=\"img\" alt=\"\ud83d\udd25\" src=\"https:\/\/s.w.org\/images\/core\/emoji\/13.0.1\/svg\/1f525.svg\"><img decoding=\"async\" role=\"img\" alt=\"\ud83d\udd25\" src=\"https:\/\/s.w.org\/images\/core\/emoji\/13.0.1\/svg\/1f525.svg\"><\/p>\n<p><span><img decoding=\"async\" alt=\"\" title=\"photo roro\" data-id=\"509\" src=\"https:\/\/facturozor.fr\/wp-content\/uploads\/2019\/01\/photo-roro.png\" width=\"69\" height=\"69\" data-width=\"69\" data-height=\"69\" data-init-width=\"311\" data-init-height=\"354\" loading=\"lazy\"><\/span><\/p>\n<p style=\"text-align: center;\"><strong><span style=\"font-family: Neuton; font-weight: 300;\">Rodolphe<\/span><\/strong> &#8211; Clikodoc<\/p>\n<p style=\"text-align: center;\">Je g\u00e8re 2 activit\u00e9s en parall\u00e8le. J&rsquo;utilise la solution d\u00e9velopp\u00e9e par Guillian vraiment pratique et tr\u00e8s fonctionnelle elle r\u00e9pond \u00e0 mes diff\u00e9rents besoins. &nbsp;Et de fa\u00e7on g\u00e9n\u00e9rale, ke me sens plus serein et plus professionnel dans ma gestion. Surtout le support client est Top ! Guillian est au petit soin pour s&rsquo;assurer que je suis toujours satisfait. Je valide<\/p>\n<p><span><img decoding=\"async\" alt=\"\" title=\"Josue\u0301 testimonial\" data-id=\"2116\" src=\"https:\/\/facturozor.fr\/wp-content\/uploads\/2021\/07\/Josue\u0301-testimonial.png\" width=\"69\" height=\"69\" data-width=\"69\" data-height=\"69\" data-init-width=\"200\" data-init-height=\"200\" loading=\"lazy\"><\/span><\/p>\n<p style=\"text-align: center;\"><strong><span style=\"font-family: Neuton; font-weight: 300;\">Josu\u00e9&nbsp;<\/span><\/strong>&#8211; Tout \u00e0 livrer<\/p>\n<p style=\"text-align: center;\">En tant qu&rsquo;ancien revendeur de logiciels de gestion Sinc\u00e8rement je trouve vraiment bien fait et r\u00e9fl\u00e9chi.Simple d utilisation et intuitif Bravo Guillian. Tu merites de rouler en Jaguar pour tout ce taff<\/p>\n<p><strong>1<\/strong><\/p>\n<h2>Un tableau de bord qui va \u00e0 l&rsquo;essentiel !<\/h2>\n<p style=\"\">Pourquoi regarder des chiffres que nous ne comprenons pas ? Concentrons-nous sur ce qui est important pour nous en tant qu&rsquo;entrepreneurs. Qu\u2019en d\u00eetes-vous ?<\/p>\n<p><span style=\"width: 100%;\"><img decoding=\"async\" alt=\"\" width=\"533\" height=\"533\" title=\"Visuels DashboardFCBP22\" data-id=\"2119\" src=\"https:\/\/facturozor.fr\/wp-content\/uploads\/2021\/07\/Visuels-DashboardFCBP22.png\" style=\"\" data-width=\"533\" data-height=\"533\" data-init-width=\"550\" data-init-height=\"550\" loading=\"lazy\"><\/span><\/p>\n<p><strong>2<\/strong><\/p>\n<h2>Disposez d&rsquo;une base clients propre et \u00e0 jour !<\/h2>\n<p style=\"\">Un formulaire complet pour cr\u00e9er votre client, consulter son historique de ventes et de paiement, stocker des contrats ou autres fichiers, utiliser un syst\u00e8me de tags, et profiter de la puissance des campagnes sms !<\/p>\n<p><span style=\"width: 100%;\"><img decoding=\"async\" alt=\"\" width=\"533\" height=\"533\" title=\"Visuels Clients FCBP22\" data-id=\"2117\" src=\"https:\/\/facturozor.fr\/wp-content\/uploads\/2021\/07\/Visuels-Clients-FCBP22.png\" style=\"\" data-width=\"533\" data-height=\"533\" data-init-width=\"550\" data-init-height=\"550\" loading=\"lazy\"><\/span><\/p>\n<p style=\"text-align: center;\">Si vous n&rsquo;avez pas encore FACTUROZOR, c&rsquo;est vous le dinosaure !<\/p>\n<p><strong>3<\/strong><\/p>\n<h2>Un module de facturation complet qui s&rsquo;adapte \u00e0 tous les sc\u00e9narios<\/h2>\n<p style=\"\">Avec ce module, vous pouvez cr\u00e9er devis, bons de commande, bons de livraison partielle, bons de livraison, factures r\u00e9currentes, factures. G\u00e9rez les paiements et automatisez les rappels de paiement par e-mail, SMS ou WhatsApp.<\/p>\n<p><span style=\"width: 100%;\"><img decoding=\"async\" alt=\"\" width=\"533\" height=\"533\" title=\"Visuels Invoices FCBP22\" data-id=\"2121\" src=\"https:\/\/facturozor.fr\/wp-content\/uploads\/2021\/07\/Visuels-Invoices-FCBP22.png\" style=\"\" data-width=\"533\" data-height=\"533\" data-init-width=\"550\" data-init-height=\"550\" loading=\"lazy\"><\/span><\/p>\n<p><strong>4<\/strong><\/p>\n<h2>Besoin d&rsquo;une caisse ? C&rsquo;est d\u00e9j\u00e0 inclus !<\/h2>\n<p style=\"\">Si votre entreprise a besoin d&rsquo;une caisse, le module est d\u00e9j\u00e0 l\u00e0 et configurable en quelques clics. Prochainement vous pourrez utilisez la version HL qui fonctionne m\u00eame sans connexion Internet !<\/p>\n<p><span style=\"width: 100%;\"><img decoding=\"async\" alt=\"\" width=\"533\" height=\"533\" title=\"Visuels POS FCBP22\" data-id=\"2118\" src=\"https:\/\/facturozor.fr\/wp-content\/uploads\/2021\/07\/Visuels-POS-FCBP22.png\" style=\"\" data-width=\"533\" data-height=\"533\" data-init-width=\"550\" data-init-height=\"550\" loading=\"lazy\"><\/span><\/p>\n<p style=\"text-align: justify;\">On vous a pr\u00e9sent\u00e9 ci-dessus les 4 principaux modules, mais Facturozor a \u00e9t\u00e9 construit avec les utilisateurs et s&rsquo;adapte \u00e0 presque toutes les activit\u00e9s.<\/p>\n<p style=\"text-align: justify;\">Vous trouverez aussi le module \u00ab <strong>PRODUCTION<\/strong> \u00bb pour ceux qui transforment des mati\u00e8res premi\u00e8res en glaces, jus, confitures, boissons, etc\u2026, &nbsp;un module \u00ab <strong>DEPENSES<\/strong> \u00bb pour enregistrer vos factures d\u2019achats. Vous pouvez \u00e9galement <strong>g\u00e9rer le stock<\/strong>, vous <strong>connecter \u00e0 votre banque<\/strong> pour le rapprochement bancaire &nbsp;et <strong>synchroniser votre site e-commerce<\/strong> WordPress (bient\u00f4t Shopify). Bien entendu, vous disposez d\u2019un <strong>module de reporting<\/strong> avec de nombreux types de rapports vous permettant de bien analyser vos donn\u00e9es.<\/p>\n<h2>Quelques chiffres sur FACTUROZOR<\/h2>\n<p style=\"\">Utilisateurs actifs<\/p>\n<p style=\"\"><strong>MARTINIQUE, GUADELOUPE, GUYANE, R\u00c9UNION<\/strong><\/p>\n<p style=\"\">modules composent la suite facturozor<\/p>\n<p style=\"\">Application Carib\u00e9enne de gestion<\/p>\n<h2 style=\"text-align: center;\">Tarifs<\/h2>\n<h2 style=\"text-align: center;\">Tout ce dont vous avez besoin pour piloter votre business et y voir plus clair sur vos chiffres &#8230;<\/h2>\n<p><a href=\"#\"><span><span>Instance 1<\/span><\/span><\/a><\/p>\n<p style=\"\"><strong>Pack Denver<\/strong><\/p>\n<p style=\"\"><em>\u00e0 partir de<\/em><\/p>\n<p style=\"\">\u20ac<\/p>\n<p style=\"\">18<\/p>\n<p style=\"\">\/mois<\/p>\n<p style=\"\"><em>Adapt\u00e9e aux prestataires de services et Auto-entrepreneur<\/em><\/p>\n<p style=\"\"><em><\/em><\/p>\n<p style=\"text-align: left;\"><em><strong><span style=\"color: rgb(0, 150, 136);\">nombre d&rsquo;utilisateurs :<\/span><\/strong> <strong><span style=\"font-size: 24px;\">1<\/span><\/strong><\/em><\/p>\n<p style=\"text-align: left;\"><strong><em>vendre<\/em><\/strong><\/p>\n<ul>\n<li style=\"\"><span style=\"\">Cr\u00e9er, \u00e9diter, copier des devis<\/span><\/li>\n<li style=\"\"><span style=\"\">G\u00e9n\u00e9rer acompte(s) ou facture&nbsp;<\/span><\/li>\n<li style=\"\"><span style=\"\">Cr\u00e9er, copier des factures<\/span><\/li>\n<li style=\"\"><span style=\"\">Envoyer des liens de paiements<\/span><\/li>\n<li><span>TVA Dom-Tom &amp; Hexagone<\/span><\/li>\n<\/ul>\n<p style=\"text-align: left;\"><em><strong>CR\u00c9ER SA BASE CLIENTS<\/strong><\/em><\/p>\n<ul>\n<li style=\"\"><span style=\"\">Cr\u00e9er des clients en illimit\u00e9<\/span><\/li>\n<li style=\"\"><span style=\"\">G\u00e9rer les comptes clients<\/span><\/li>\n<li style=\"\"><span style=\"\">Envoyer des liens de paiements<\/span><\/li>\n<li><span>Utiliser des \u00ab\u00a0TAG\u00a0\u00bb pour mieux filtrer<\/span><\/li>\n<li><span>Cr\u00e9er des relances automatiques<\/span><\/li>\n<\/ul>\n<p style=\"text-align: left;\"><em><strong>CR\u00c9ER SA BASE ARTICLES<\/strong><\/em><\/p>\n<ul>\n<li style=\"\"><span style=\"\">Cr\u00e9er des produits ou services<\/span><\/li>\n<li style=\"\"><span style=\"\">Cr\u00e9er des niveaux de prix<\/span><\/li>\n<\/ul>\n<p style=\"text-align: left;\"><em><strong>SAISIR SES D\u00c9PENSES<\/strong><\/em><\/p>\n<ul>\n<li style=\"\"><span style=\"\">Enregistrer toutes vos d\u00e9penses<\/span><\/li>\n<li style=\"\"><span style=\"\">Connecter votre compte bancaire<\/span><\/li>\n<\/ul>\n<p style=\"text-align: left;\"><em><strong>RAPPORTS Statisitques<\/strong><\/em><\/p>\n<ul>\n<li style=\"\"><span style=\"\">G\u00e9n\u00e9rer des rapports sur les ventes<\/span><\/li>\n<li style=\"\"><span style=\"\">G\u00e9n\u00e9rer des rapports sur les articles<\/span><\/li>\n<li style=\"\"><span>G\u00e9n\u00e9rer des rapports sur les clients<\/span><\/li>\n<\/ul>\n<p style=\"text-align: left;\"><em><strong>TRANSF\u00c9RER SA COMPTA<\/strong><\/em><\/p>\n<ul>\n<li style=\"\"><span style=\"\">Exporter les journaux comptables<\/span><\/li>\n<li style=\"\"><span style=\"\">Exporter les Grands Livres<\/span><\/li>\n<li style=\"\"><span>Suivez la TVA d\u00fbe<\/span><\/li>\n<\/ul>\n<p style=\"text-align: center;\"><strong>options disponibles<\/strong><\/p>\n<ul>\n<li style=\"\"><span style=\"\">Rajouter un compte bancaire <strong>5\u20acht\/mois\/compte<\/strong><\/span><\/li>\n<li style=\"\"><span style=\"\">Connecter votre site E-commerce <strong>9\u20ac ht\/mois\/site<\/strong><\/span><\/li>\n<li><span>&nbsp; &nbsp; &nbsp; &nbsp; &nbsp;Rajouter des utilisateurs&nbsp; &nbsp; &nbsp; &nbsp; &nbsp;&nbsp;<strong>5\u20ac ht\/mois\/utilisateur<\/strong><\/span><\/li>\n<\/ul>\n<p><span><img decoding=\"async\" alt=\"\" data-id=\"2422\" width=\"325\" data-init-width=\"990\" height=\"605\" data-init-height=\"1845\" title=\"Sans titre\" loading=\"lazy\" src=\"https:\/\/facturozor.fr\/wp-content\/uploads\/2021\/09\/Sans-titre.png\" data-width=\"325\" data-height=\"605\" style=\"\"><\/span><\/p>\n<p style=\"\"><strong>Pack Raptor<\/strong><\/p>\n<p style=\"\"><em>\u00e0 partir de<\/em><\/p>\n<p style=\"\">\u20ac<\/p>\n<p style=\"\">27<\/p>\n<p style=\"\">\/mois<\/p>\n<p style=\"\"><em>Adapt\u00e9e aux petites et moyennes entreprises, Snacks, Restaurants, <span>Commer\u00e7ants<\/span><\/em><\/p>\n<p style=\"text-align: left;\"><em><strong><span style=\"color: rgb(0, 150, 136);\">nombre d&rsquo;utilisateurs :<\/span><\/strong> <strong><span style=\"font-size: 24px;\">3<\/span><\/strong><\/em><\/p>\n<p style=\"text-align: left;\"><strong><em>vendre<\/em><\/strong><\/p>\n<ul>\n<li style=\"\"><span style=\"\">Cr\u00e9er, \u00e9diter, copier des devis<\/span><\/li>\n<li style=\"\"><span style=\"\">G\u00e9n\u00e9rer acompte(s) ou facture&nbsp;<\/span><\/li>\n<li style=\"\"><span style=\"\">Cr\u00e9er des Bons de commande<\/span><\/li>\n<li><span>Cr\u00e9er des Bons de livraison<\/span><\/li>\n<li><span>G\u00e9n\u00e9rer 1 facture \u00e0 partir de BLs<\/span><\/li>\n<li><span>Cr\u00e9er, copier des factures<\/span><\/li>\n<li><span>Cr\u00e9er des factures r\u00e9currentes<\/span><\/li>\n<li style=\"\"><span style=\"\">Envoyer des liens de paiements<\/span><\/li>\n<li><span>TVA Dom-Tom &amp; Hexagone<\/span><\/li>\n<\/ul>\n<p style=\"text-align: left;\"><em><strong>CR\u00c9ER SA BASE CLIENTS<\/strong><\/em><\/p>\n<ul>\n<li style=\"\"><span style=\"\">Cr\u00e9er des clients en illimit\u00e9<\/span><\/li>\n<li style=\"\"><span style=\"\">G\u00e9rer les comptes clients<\/span><\/li>\n<li><span>Envoyer un \u00e9tat de compte<\/span><\/li>\n<li style=\"\"><span style=\"\">Envoyer des liens de paiements<\/span><\/li>\n<li><span>Utiliser des \u00ab\u00a0TAG\u00a0\u00bb pour mieux filtrer<\/span><\/li>\n<li><span>Cr\u00e9er des relances automatiques<\/span><\/li>\n<li><span>Personnaliser les relances<\/span><\/li>\n<\/ul>\n<p style=\"text-align: left;\"><em><strong>CR\u00c9ER SA BASE ARTICLES<\/strong><\/em><\/p>\n<ul>\n<li style=\"\"><span style=\"\">Cr\u00e9er des produits ou services<\/span><\/li>\n<li><span>G\u00e9rer le stock dont l&rsquo;inventaire<\/span><\/li>\n<li><span>Cr\u00e9er des produits compos\u00e9s<\/span><\/li>\n<li><span>Utiliser un coefficient multiplicateur<\/span><\/li>\n<li><span>G\u00e9rer les tailles et le couleurs<\/span><\/li>\n<li><span>G\u00e9rer les options<\/span><\/li>\n<li style=\"\"><span style=\"\">Cr\u00e9er des niveaux de prix<\/span><\/li>\n<\/ul>\n<p style=\"text-align: left;\"><em><strong>SAISIR SES D\u00c9PENSES<\/strong><\/em><\/p>\n<ul>\n<li style=\"\"><span style=\"\">Enregistrer toutes vos d\u00e9penses<\/span><\/li>\n<li style=\"\"><span style=\"\">Connecter votre compte bancaire<\/span><\/li>\n<\/ul>\n<p style=\"text-align: left;\"><em><strong>RAPPORTS Statisitques<\/strong><\/em><\/p>\n<ul>\n<li style=\"\"><span style=\"\">G\u00e9n\u00e9rer des rapports sur les ventes<\/span><\/li>\n<li style=\"\"><span style=\"\">G\u00e9n\u00e9rer des rapports sur les articles<\/span><\/li>\n<li style=\"\"><span>G\u00e9n\u00e9rer des rapports sur les clients<\/span><\/li>\n<li><span>Suivre sa Marge Brute<\/span><\/li>\n<\/ul>\n<p style=\"text-align: left;\"><em><strong>TRANSF\u00c9RER SA COMPTA<\/strong><\/em><\/p>\n<ul>\n<li style=\"\"><span style=\"\">Exporter les journaux comptables<\/span><\/li>\n<li style=\"\"><span style=\"\">Exporter les Grands Livres<\/span><\/li>\n<li style=\"\"><span>Suivez la TVA d\u00fbe<\/span><\/li>\n<\/ul>\n<p style=\"text-align: center;\"><strong>options disponibles<\/strong><\/p>\n<ul>\n<li><span>Activer le module caisse \u00e0 partir de <strong>9\u20acht\/mois\/caisse<\/strong><\/span><\/li>\n<li><span>Multi \u00e9tablissement ou soci\u00e9t\u00e9s&nbsp; d\u00e8s&nbsp;<strong>27\u20ac ht\/mois\/\u00e9tablissement<\/strong><\/span><\/li>\n<li style=\"\"><span style=\"\">Rajouter un compte bancaire <strong>5\u20acht\/mois\/compte<\/strong><\/span><\/li>\n<li style=\"\"><span style=\"\">Connecter votre site E-commerce <strong>9\u20ac ht\/mois\/site<\/strong><\/span><\/li>\n<li><span>&nbsp; &nbsp; &nbsp; &nbsp; &nbsp;Rajouter des utilisateurs&nbsp; &nbsp; &nbsp; &nbsp; &nbsp;&nbsp;<strong>5\u20ac ht\/mois\/utilisateur<\/strong><\/span><\/li>\n<\/ul>\n<p style=\"\"><strong>Pack Tyrex<\/strong><\/p>\n<p style=\"\"><em>\u00e0 partir de<\/em><\/p>\n<p style=\"\">\u20ac<\/p>\n<p style=\"\">79<\/p>\n<p style=\"\">\/mois<\/p>\n<p style=\"text-align: center;\"><em>Adapt\u00e9e aux entreprises ayant une activit\u00e9 de production<\/em><\/p>\n<p style=\"text-align: center;\"><em><\/em><\/p>\n<p style=\"text-align: left;\"><em><strong><span style=\"color: rgb(0, 150, 136);\">nombre d&rsquo;utilisateurs :<\/span><\/strong> <strong><span style=\"font-size: 24px;\">3<\/span><\/strong><\/em><\/p>\n<p style=\"text-align: left;\"><strong><em>Module premium<\/em><\/strong><\/p>\n<ul>\n<li style=\"\"><span style=\"\">Module de production (gestion des mati\u00e8res premi\u00e8res, recettes, tra\u00e7abilit\u00e9s, lot de production, &#8230;)<\/span><\/li>\n<li style=\"\"><span style=\"\">Module d&rsquo;enregistrement des ventes de carburant pour les stations services.<\/span><\/li>\n<\/ul>\n<p style=\"text-align: left;\"><strong><em>vendre<\/em><\/strong><\/p>\n<ul>\n<li style=\"\"><span style=\"\">Cr\u00e9er, \u00e9diter, copier des devis<\/span><\/li>\n<li style=\"\"><span style=\"\">G\u00e9n\u00e9rer acompte(s) ou facture&nbsp;<\/span><\/li>\n<li style=\"\"><span style=\"\">Cr\u00e9er des Bons de commande<\/span><\/li>\n<li><span>Cr\u00e9er des Bons de livraison<\/span><\/li>\n<li><span>G\u00e9n\u00e9rer 1 facture \u00e0 partir de BLs<\/span><\/li>\n<li><span>Cr\u00e9er, copier des factures<\/span><\/li>\n<li><span>Cr\u00e9er des factures r\u00e9currentes<\/span><\/li>\n<li style=\"\"><span style=\"\">Envoyer des liens de paiements<\/span><\/li>\n<li><span>TVA Dom-Tom &amp; Hexagone<\/span><\/li>\n<\/ul>\n<p style=\"text-align: left;\"><em><strong>CR\u00c9ER SA BASE CLIENTS<\/strong><\/em><\/p>\n<ul>\n<li style=\"\"><span style=\"\">Cr\u00e9er des clients en illimit\u00e9<\/span><\/li>\n<li style=\"\"><span style=\"\">G\u00e9rer les comptes clients<\/span><\/li>\n<li><span>Envoyer un \u00e9tat de compte<\/span><\/li>\n<li style=\"\"><span style=\"\">Envoyer des liens de paiements<\/span><\/li>\n<li><span>Utiliser des \u00ab\u00a0TAG\u00a0\u00bb pour mieux filtrer<\/span><\/li>\n<li><span>Cr\u00e9er des relances automatiques<\/span><\/li>\n<li><span>Personnaliser les relances<\/span><\/li>\n<\/ul>\n<p style=\"text-align: left;\"><em><strong>CR\u00c9ER SA BASE ARTICLES<\/strong><\/em><\/p>\n<ul>\n<li style=\"\"><span style=\"\">Cr\u00e9er des produits ou services<\/span><\/li>\n<li><span>G\u00e9rer le stock<\/span><\/li>\n<li><span>Cr\u00e9er des produits compos\u00e9s<\/span><\/li>\n<li><span>Utiliser un coefficient multiplicateur<\/span><\/li>\n<li><span>G\u00e9rer les tailles et le couleurs<\/span><\/li>\n<li><span>G\u00e9rer les options<\/span><\/li>\n<li style=\"\"><span style=\"\">Cr\u00e9er des niveaux de prix<\/span><\/li>\n<\/ul>\n<p style=\"text-align: left;\"><em><strong>SAISIR SES D\u00c9PENSES<\/strong><\/em><\/p>\n<ul>\n<li style=\"\"><span style=\"\">Enregistrer toutes vos d\u00e9penses<\/span><\/li>\n<li style=\"\"><span style=\"\">Connecter votre compte bancaire<\/span><\/li>\n<\/ul>\n<p style=\"text-align: left;\"><em><strong>RAPPORTS Statisitques<\/strong><\/em><\/p>\n<ul>\n<li style=\"\"><span style=\"\">G\u00e9n\u00e9rer des rapports sur les ventes<\/span><\/li>\n<li style=\"\"><span style=\"\">G\u00e9n\u00e9rer des rapports sur les articles<\/span><\/li>\n<li style=\"\"><span>G\u00e9n\u00e9rer des rapports sur les clients<\/span><\/li>\n<li><span>Suivre sa Marge Brute<\/span><\/li>\n<\/ul>\n<p style=\"text-align: left;\"><em><strong>TRANSF\u00c9RER SA COMPTA<\/strong><\/em><\/p>\n<ul>\n<li style=\"\"><span style=\"\">Exporter les journaux comptables<\/span><\/li>\n<li style=\"\"><span style=\"\">Exporter les Grands Livres<\/span><\/li>\n<li style=\"\"><span>Suivez la TVA d\u00fbe<\/span><\/li>\n<\/ul>\n<p style=\"text-align: center;\"><strong>options disponibles<\/strong><\/p>\n<ul>\n<li><span>Activer le module caisse \u00e0 partir de <strong>9\u20acht\/mois\/caisse<\/strong><\/span><\/li>\n<li style=\"\"><span style=\"\">Rajouter un compte bancaire <strong>5\u20acht\/mois\/compte<\/strong><\/span><\/li>\n<li style=\"\"><span style=\"\">Connecter votre site E-commerce <strong>9\u20ac ht\/mois\/site<\/strong><\/span><\/li>\n<li><span>&nbsp; &nbsp; &nbsp; &nbsp; &nbsp;Rajouter des utilisateurs&nbsp; &nbsp; &nbsp; &nbsp; &nbsp;&nbsp;<strong>5\u20ac ht\/mois\/utilisateur<\/strong><\/span><\/li>\n<\/ul>\n<h2 style=\"text-align: center;\">MA VISION<\/h2>\n<p style=\"text-align: center;\"><span><span>\u201d<\/span><\/span><span>&nbsp;<\/span><span><span><span><span>Ne laissez pas l\u2019administratif&nbsp;<\/span><\/span><span><span>tuer&nbsp;<\/span><\/span><span><span>votre passion !&nbsp;<\/span><\/span><\/span><\/span><span><span>&nbsp;<\/span><\/span><span>\u201d<\/span><\/p>\n<p>Je trouve qu\u2019il est dramatique de voir des personnes qui prennent le risque de se lancer dans l&rsquo;entrepreneuriat, se retrouver en danger personnel, au niveau de leur finance, de leur sant\u00e9, et de leur famille pour des questions de gestion et de paperasse.&nbsp;<\/p>\n<p>C\u2019est pour cela que j\u2019ai cr\u00e9\u00e9 un outil qui de fa\u00e7on tr\u00e8s simple te permet de suivre tes chiffres au jour le jour sans effort, de mieux conna\u00eetre tes clients, te dit combien tu peux te payer, et te rappelle les \u00e9ch\u00e9ances importantes parce que ce n\u2019est pas ton m\u00e9tier ! Ton cerveau doit se lib\u00e9rer de ces pr\u00e9occupations pour pouvoir cr\u00e9er, innover, et te concentrer sur tes clients et tes projets.<\/p>\n<p><span style=\"width: 100%;\"><img decoding=\"async\" alt=\"\" width=\"365\" height=\"474\" title=\"Guillian HOSPICE\" data-id=\"671\" src=\"https:\/\/facturozor.fr\/wp-content\/uploads\/2019\/11\/Guillian-HOSPICE.png\" style=\"\" data-width=\"365\" data-height=\"474\" data-init-width=\"500\" data-init-height=\"650\" loading=\"lazy\"><\/span><\/p>\n<p style=\"text-align: center;\">CAS D&rsquo;\u00c9TUDES<\/p>\n<p><span><img decoding=\"async\" alt=\"\" width=\"193\" height=\"193\" title=\"Emilie\" data-id=\"1458\" src=\"https:\/\/facturozor.fr\/wp-content\/uploads\/2021\/02\/Emilie-e1613744001487.jpg\" data-width=\"193\" data-height=\"193\" data-init-width=\"768\" data-init-height=\"768\" loading=\"lazy\"><\/span>                    <\/p>\n<h2 style=\"text-align: center;\">Comment \u00c9milie a pu <strong>EN FINIR<\/strong> avec&nbsp;son&nbsp;fameux <strong>\u00ab\u00a0Fichier Excel\u00a0\u00bb<\/strong> et rentrer&nbsp;PLUS T\u00d4T&nbsp;chez elle?<\/h2>\n<h6 style=\"\">\u00c9milie Turiaf @Milles et une brindilles<\/h6>\n<p><span><img decoding=\"async\" alt=\"\" width=\"193\" height=\"193\" title=\"WhatsApp Image 2021-03-18 at 10.17.50\" data-id=\"1505\" src=\"https:\/\/facturozor.fr\/wp-content\/uploads\/2021\/03\/WhatsApp-Image-2021-03-18-at-10.17.50.jpeg\" data-width=\"193\" data-height=\"193\" data-init-width=\"1130\" data-init-height=\"1280\" loading=\"lazy\"><\/span>                    <\/p>\n<h2 style=\"text-align: center;\">Avoir un Outil de Gestion <strong>AUSSI Efficace<\/strong> en <strong>Facturation QU&rsquo;EN Production !<\/strong><\/h2>\n<h6 style=\"text-align: center;\">Christelle DANGANY &#8211; @Ti Bouboun<\/h6>\n<p><span><img decoding=\"async\" alt=\"\" width=\"193\" height=\"193\" title=\"WhatsApp Image 2021-04-17 at 14.00.03\" data-id=\"1547\" src=\"https:\/\/facturozor.fr\/wp-content\/uploads\/2021\/05\/WhatsApp-Image-2021-04-17-at-14.00.03.jpeg\" data-width=\"193\" data-height=\"193\" data-init-width=\"1280\" data-init-height=\"958\" loading=\"lazy\"><\/span>                    <\/p>\n<h2 style=\"text-align: center;\"><span>Julien a <strong>fait confiance<\/strong> \u00e0 une STARTUP locale et <strong>dispose MAINTENANT<\/strong> d&rsquo;un outil de gestion&nbsp;<\/span><\/h2>\n<h2 style=\"text-align: center;\"><strong><span>tout-en-un et&nbsp;<\/span><span>SUR MESURE !<\/span><\/strong><\/h2>\n<h6 style=\"\">Julien CARISTAN @Madisplus<\/h6>\n","protected":false},"excerpt":{"rendered":"<p>Devenez unPROde la gestion pour emmener votre business auniveau sup\u00e9rieur ! La suite compl\u00e8te de Facturozor rien que pour vous ! 1 outil pour tout g\u00e9rer &#8230; En partenariat avec Ir\u00e9sa Guadeloupe, nous vous invitons \u00e0 une d\u00e9mo compl\u00e8te ce jeudi 10 f\u00e9vrier \u00e0 13h Prise en main rapide Facturozor a \u00e9t\u00e9 con\u00e7ue sp\u00e9cifiquement pour [&hellip;]<\/p>\n","protected":false},"author":1,"featured_media":0,"parent":0,"menu_order":0,"comment_status":"closed","ping_status":"closed","template":"","meta":{"footnotes":""},"class_list":["post-2745","page","type-page","status-publish","hentry","post-wrapper","thrv_wrapper"],"_links":{"self":[{"href":"https:\/\/facturozor.fr\/index.php\/wp-json\/wp\/v2\/pages\/2745"}],"collection":[{"href":"https:\/\/facturozor.fr\/index.php\/wp-json\/wp\/v2\/pages"}],"about":[{"href":"https:\/\/facturozor.fr\/index.php\/wp-json\/wp\/v2\/types\/page"}],"author":[{"embeddable":true,"href":"https:\/\/facturozor.fr\/index.php\/wp-json\/wp\/v2\/users\/1"}],"replies":[{"embeddable":true,"href":"https:\/\/facturozor.fr\/index.php\/wp-json\/wp\/v2\/comments?post=2745"}],"version-history":[{"count":6,"href":"https:\/\/facturozor.fr\/index.php\/wp-json\/wp\/v2\/pages\/2745\/revisions"}],"predecessor-version":[{"id":2755,"href":"https:\/\/facturozor.fr\/index.php\/wp-json\/wp\/v2\/pages\/2745\/revisions\/2755"}],"wp:attachment":[{"href":"https:\/\/facturozor.fr\/index.php\/wp-json\/wp\/v2\/media?parent=2745"}],"curies":[{"name":"wp","href":"https:\/\/api.w.org\/{rel}","templated":true}]}}