{"id":2620,"date":"2021-11-03T11:22:21","date_gmt":"2021-11-03T15:22:21","guid":{"rendered":"https:\/\/facturozor.fr\/?page_id=2620"},"modified":"2021-11-03T15:15:12","modified_gmt":"2021-11-03T19:15:12","slug":"demande-video-tuto-balan-dijital","status":"publish","type":"page","link":"https:\/\/facturozor.fr\/index.php\/demande-video-tuto-balan-dijital\/","title":{"rendered":"Demande Video Tuto Balan Dijital"},"content":{"rendered":"<p style=\"\">Vid\u00e9o tuto<\/p>\n<h1 style=\"text-align: center;\">\u00c0 quelle adresse email souhaitez vous recevoir le lien de la vid\u00e9o Tuto ?<\/h1>\n","protected":false},"excerpt":{"rendered":"<p>Vid\u00e9o tuto \u00c0 quelle adresse email souhaitez vous recevoir le lien de la vid\u00e9o Tuto ?<\/p>\n","protected":false},"author":1,"featured_media":0,"parent":0,"menu_order":0,"comment_status":"closed","ping_status":"closed","template":"","meta":{"footnotes":""},"class_list":["post-2620","page","type-page","status-publish","hentry","post-wrapper","thrv_wrapper"],"_links":{"self":[{"href":"https:\/\/facturozor.fr\/index.php\/wp-json\/wp\/v2\/pages\/2620"}],"collection":[{"href":"https:\/\/facturozor.fr\/index.php\/wp-json\/wp\/v2\/pages"}],"about":[{"href":"https:\/\/facturozor.fr\/index.php\/wp-json\/wp\/v2\/types\/page"}],"author":[{"embeddable":true,"href":"https:\/\/facturozor.fr\/index.php\/wp-json\/wp\/v2\/users\/1"}],"replies":[{"embeddable":true,"href":"https:\/\/facturozor.fr\/index.php\/wp-json\/wp\/v2\/comments?post=2620"}],"version-history":[{"count":9,"href":"https:\/\/facturozor.fr\/index.php\/wp-json\/wp\/v2\/pages\/2620\/revisions"}],"predecessor-version":[{"id":2651,"href":"https:\/\/facturozor.fr\/index.php\/wp-json\/wp\/v2\/pages\/2620\/revisions\/2651"}],"wp:attachment":[{"href":"https:\/\/facturozor.fr\/index.php\/wp-json\/wp\/v2\/media?parent=2620"}],"curies":[{"name":"wp","href":"https:\/\/api.w.org\/{rel}","templated":true}]}}