{"id":1545,"date":"2021-05-03T13:04:01","date_gmt":"2021-05-03T17:04:01","guid":{"rendered":"https:\/\/facturozor.fr\/?page_id=1545"},"modified":"2023-01-31T10:35:29","modified_gmt":"2023-01-31T14:35:29","slug":"mad","status":"publish","type":"page","link":"https:\/\/facturozor.fr\/index.php\/mad\/","title":{"rendered":"Cas d\u2019\u00e9tude Mad +"},"content":{"rendered":"<p><a href=\"https:\/\/facturozor.fr\" data-id-d=\"0\" data-dynamic-link=\"thrive_global_shortcode_url\" data-shortcode-id=\"0\" data-img-style=\"width: 100%;\"><img loading=\"lazy\" decoding=\"async\" src=\"https:\/\/facturozor.fr\/wp-content\/uploads\/2020\/11\/facturozor-logotype-2020_bichromie-2.png\" height=\"828\" width=\"2826\" alt=\"\" style=\"width: 100%;\"><\/img><\/a>__CONFIG_group_edit __ {} __ CONFIG_group_edit____CONFIG_local_colors __ {\u00ab\u00a0colors\u00a0\u00bb: {}, \u00ab\u00a0gradients\u00a0\u00bb: {}} __ CONFIG_local_colors__<\/p>\n<h2 style=\"text-align: center;\"><span>Julien a fait confiance \u00e0 une STARTUP locale et dispose MAINTENANT d&rsquo;un outil de gestion <\/span><\/h2>\n<h2 style=\"text-align: center;\"><span>tout-en-un et SUR MESURE !&nbsp;<\/span><\/h2>\n<p><span style=\"\"><img decoding=\"async\" alt=\"\" data-id=\"1671\" width=\"156\" data-init-width=\"500\" height=\"156\" data-init-height=\"500\" title=\"Mad+ logo vf\" loading=\"lazy\" src=\"https:\/\/facturozor.fr\/wp-content\/uploads\/2021\/05\/Mad-logo-vf.png\" data-width=\"156\" data-height=\"156\" style=\"\" ml-d=\"0\" mt-d=\"-23\" center-v-d=\"false\"><\/span><\/p>\n<p style=\"text-align: center;\"><strong>Distributeur agr\u00e9\u00e9 Canal +<\/strong>&nbsp;et Magasin sp\u00e9cialis\u00e9 dans&nbsp;<strong>l&rsquo;univers de la TV, de l&rsquo;audio et d&rsquo;Internet.<\/strong><\/p>\n<p><a href=\"https:\/\/www.facebook.com\/madplusmarin\"><\/a><a href=\"https:\/\/www.instagram.com\/madplus97290\/?utm_medium=copy_link\" target=\"_blank\" rel=\"noopener\"><\/a><\/p>\n<p dir=\"ltr\" style=\"text-align: justify;\">Ce mois-ci, nous nous sommes int\u00e9ress\u00e9s&nbsp;aux besoins de&nbsp;<strong>l&rsquo;<\/strong><strong>entrepreneur et dirigeant de deux entreprises, Julien CARISTAN. <\/strong>La&nbsp;premi\u00e8re est une entreprise qu&rsquo;il g\u00e8re seul dans le domaine de la t\u00e9l\u00e9phonie, et la seconde est&nbsp;<strong>MAD+<\/strong> dans laquelle il a deux collaborateurs.<\/p>\n<p dir=\"ltr\" style=\"text-align: justify;\">Pour sa premi\u00e8re entreprise, il utilisait depuis 2016 un logiciel avec lequel il faisait face \u00e0 de nombreux dysfonctionnements lors de son utilisation. Donc Julien \u00e9tait particuli\u00e8rement pointilleux sur le choix de son nouvel outil de gestion.<\/p>\n<p dir=\"ltr\" style=\"text-align: justify;\">En plus, cette nouvelle activit\u00e9 (Distributeur agr\u00e9\u00e9 Canal+), n\u00e9cessite une gestion tr\u00e8s particuli\u00e8re car :<\/p>\n<ol>\n<li dir=\"ltr\" style=\"text-align: justify;\">Les prestations Canal + sont vendues \u00e0 0\u20ac&nbsp;<\/li>\n<li dir=\"ltr\" style=\"text-align: justify;\">\u00c0 chaque prestation Canal+ une commission est revers\u00e9e par Canal +<\/li>\n<li dir=\"ltr\" style=\"text-align: justify;\">Et, enfin, il faut pouvoir anticiper les commissions pour ma\u00eetriser sa tr\u00e9sorerie.<\/li>\n<\/ol>\n<p><span style=\"\"><img decoding=\"async\" alt=\"\" data-id=\"1671\" width=\"175\" data-init-width=\"500\" height=\"146\" data-init-height=\"500\" title=\"Mad+ logo vf\" loading=\"lazy\" src=\"https:\/\/facturozor.fr\/wp-content\/uploads\/2021\/05\/Mad-logo-vf.png\" data-width=\"175\" data-height=\"146\" style=\"\" ml-d=\"0\" mt-d=\"-2.3440000000000083\" mt-t=\"-64\" center-v-t=\"true\"><\/span><a href=\"https:\/\/www.facebook.com\/madplusmarin\" target=\"_blank\" rel=\"noopener\"><\/a><a href=\"https:\/\/www.instagram.com\/madplus97290\/?utm_medium=copy_link\" target=\"_blank\" rel=\"noopener\"><\/a><\/p>\n<p dir=\"ltr\">Ce mois-ci, nous nous sommes int\u00e9ress\u00e9s&nbsp;aux besoins de&nbsp;<strong>l&rsquo;<\/strong><strong>entrepreneur et dirigeant de deux entreprises, Julien CARISTAN.&nbsp;<\/strong>La&nbsp;premi\u00e8re est une entreprise qu&rsquo;il g\u00e8re seul dans le domaine de la t\u00e9l\u00e9phonie, et la seconde est&nbsp;<strong>MAD+<\/strong>&nbsp;dans laquelle il a deux collaborateurs.<\/p>\n<p dir=\"ltr\">Pour sa premi\u00e8re entreprise, il utilisait depuis 2016 un logiciel avec lequel il faisait face \u00e0 de nombreux dysfonctionnements lors de son utilisation. Donc Julien \u00e9tait particuli\u00e8rement pointilleux sur le choix de son nouvel outil de gestion.<\/p>\n<p dir=\"ltr\">\n<p dir=\"ltr\">En plus, cette nouvelle activit\u00e9 (Distributeur agr\u00e9\u00e9 Canal+), n\u00e9cessite une gestion tr\u00e8s particuli\u00e8re car :<\/p>\n<ol>\n<li dir=\"ltr\">Les prestations Canal+ sont vendues \u00e0 0\u20ac&nbsp;<\/li>\n<li dir=\"ltr\">\u00c0 chaque prestation Canal+ une commission est revers\u00e9e par Canal+<\/li>\n<li dir=\"ltr\">Et, enfin, il faut pouvoir anticiper les commissions pour ma\u00eetriser sa tr\u00e9sorerie.<\/li>\n<\/ol>\n<p style=\"text-align: center;\">\u201cIl ya beaucoup de logiciels qui ont une tr\u00e8s tr\u00e8s belle interface color\u00e9e avec plein de choses, des fois c&rsquo;est un peu trop. Alors que Facturozor c&rsquo;est une solution qui est \u00e9pur\u00e9e, intuitive et vraiment rapide \u00e0 prendre en main\u2026 \u00bb<\/p>\n<p style=\"text-align: center;\"><strong>JULIEN&nbsp;<\/strong><\/p>\n<p dir=\"ltr\" style=\"text-align: center;\">Et pourquoi s&rsquo;arr\u00eater en si bon chemin ?&nbsp;<\/p>\n<p dir=\"ltr\" style=\"text-align: justify;\">Il souhaitait aussi :<\/p>\n<ul>\n<li dir=\"ltr\" style=\"text-align: justify;\">Pouvoir disposer de deux points de vente<\/li>\n<li dir=\"ltr\" style=\"text-align: justify;\">Mettre en place un syst\u00e8me de r\u00e9mun\u00e9ration sur objectif. Ce dernier point veut donc dire qu&rsquo;il doit \u00eatre en mesure de suivre la marge g\u00e9n\u00e9r\u00e9e par chacun de ses vendeurs alors que certaines prestations sont toutes vendues \u00e0 0\u20ac et que les produits disposent d&rsquo;un stock avec des co\u00fbts d&rsquo;approches diff\u00e9rents en fonction des lots de stock.<\/li>\n<li dir=\"ltr\" style=\"text-align: justify;\">\u00c9tant donn\u00e9 qu&rsquo;il s&rsquo;agit de produits \u00e9lectroniques, il avait aussi besoin de rentrer sa marchandise en stock avec les n\u00b0 de s\u00e9rie.<\/li>\n<\/ul>\n<p dir=\"ltr\" style=\"text-align: justify;\">Il<span> a <\/span>d\u00e9couvert&nbsp;<strong>l&rsquo;application de gestion et de pilotage, FACTUROZOR<\/strong>&nbsp;, et il a tout de suite \u00e9t\u00e9 conquis par&nbsp;<strong>l&rsquo;interface simplifi\u00e9e et le rapport qualit\u00e9-prix<\/strong>. \u00c9tant en plein lancement,&nbsp;<strong>les co\u00fbts au d\u00e9part doivent \u00eatre ma\u00eetris\u00e9s<\/strong>&nbsp;et il \u00e9tait important pour lui d&rsquo;avoir&nbsp;<strong>une solution<\/strong>&nbsp;qui lui apporterait des&nbsp;<strong>r\u00e9ponses rapides<\/strong>&nbsp;\u00e0 un&nbsp;<strong>tarif abordable<\/strong>&nbsp;.<\/p>\n<p dir=\"ltr\" style=\"text-align: justify;\">Les \u00e9changes avec le fondateur Guillian sont rapides et efficaces car on peut lui <strong>soumettre les besoins de sorte que l\u2019outil soit adapt\u00e9 au fonctionnement de l\u2019activit\u00e9<\/strong>. Le fondateur de FACTUROZOR \u00e9tant lui-m\u00eame un chef d&rsquo;entreprises, on se comprend vite et on sent tout de suite que l&rsquo;on est sur la m\u00eame longueur d&rsquo;onde.<\/p>\n<p dir=\"ltr\" style=\"text-align: justify;\">Et pour Julien, il est primordial de <strong>faire travailler les compatriotes martiniquais<\/strong> avant d\u2019aller chercher ailleurs. En effet, il a aussi choisi FACTUROZOR surtout pour l<strong>e SAV local<\/strong> permettant d\u2019avoir <strong>un \u00e9change plus facile et rapide<\/strong>.<\/p>\n<p dir=\"ltr\" style=\"\"><strong>Julien<\/strong><\/p>\n<p dir=\"ltr\" style=\"color: rgb(1, 54, 65) !important; --tcb-applied-color:rgb(1, 54, 65)  !important; text-align: justify;\">\u201c Facturozor est un outil intuitif, peu on\u00e9reux et surtout local&#8230;<\/p>\n<p dir=\"ltr\" style=\"text-align: justify;\">En effet, avoir un \u00e9change malgr\u00e9 la crise sanitaire et le fait qu\u2019on soit en distanciel tout en \u00e9tant sur les m\u00eames horaires de travail, c\u2019est vraiment plus facile ! \u201c<\/p>\n<p dir=\"ltr\" style=\"text-align: justify;\">De plus, FACTUROZOR permet de suivre ses d\u00e9penses, de cr\u00e9er sa<strong>&nbsp;base de clients<\/strong>, de g\u00e9n\u00e9rer tout un tas de rapports mais aussi de <strong>retrouver un produit dans une liste exhaustive<\/strong> en tapant simplement l\u2019intitul\u00e9 dans la barre de recherche. Plein de petits plus qui changent la vie au quotidien !<\/p>\n<p dir=\"ltr\" style=\"text-align: justify;\">Pour un entrepreneur \u00e0 la t\u00eate de plusieurs entreprises c\u2019est un v\u00e9ritable gain de temps de pouvoir faire ce type de manipulations mais aussi d\u2019<strong>avoir une vue globale sur l\u2019activit\u00e9 de l\u2019entreprise peu importe l\u2019endroit o\u00f9 elle se situe<\/strong>.&nbsp;<\/p>\n<h3 dir=\"ltr\" style=\"text-align: center;\"><strong>Au final Julien a d\u00e9cid\u00e9 de prendre FACTUROZOR <\/strong><\/h3>\n<h3 dir=\"ltr\" style=\"text-align: center;\"><strong>pour sa premi\u00e8re entreprise !<\/strong><\/h3>\n<p><span style=\"\"><img decoding=\"async\" alt=\"\" data-id=\"1671\" width=\"175\" data-init-width=\"500\" height=\"146\" data-init-height=\"500\" title=\"Mad+ logo vf\" loading=\"lazy\" src=\"https:\/\/facturozor.fr\/wp-content\/uploads\/2021\/05\/Mad-logo-vf.png\" data-width=\"175\" data-height=\"146\" style=\"\" ml-d=\"0\" mt-d=\"-2.3440000000000083\" mt-m=\"-88\" center-v-m=\"true\"><\/span><a href=\"https:\/\/www.facebook.com\/madplusmarin\" target=\"_blank\" rel=\"noopener\"><\/a><a href=\"https:\/\/www.instagram.com\/madplus97290\/?utm_medium=copy_link\" target=\"_blank\" rel=\"noopener\"><\/a><\/p>\n<h1 style=\"text-align: center;\"><span>Si vous aussi vous souhaitez avoir un outil de gestion qui s&rsquo;adapte parfaitement \u00e0 votre entreprise \u2026<\/span><\/h1>\n","protected":false},"excerpt":{"rendered":"<p>__CONFIG_group_edit __ {} __ CONFIG_group_edit____CONFIG_local_colors __ {\u00ab\u00a0colors\u00a0\u00bb: {}, \u00ab\u00a0gradients\u00a0\u00bb: {}} __ CONFIG_local_colors__ Julien a fait confiance \u00e0 une STARTUP locale et dispose MAINTENANT d&rsquo;un outil de gestion tout-en-un et SUR MESURE !&nbsp; Distributeur agr\u00e9\u00e9 Canal +&nbsp;et Magasin sp\u00e9cialis\u00e9 dans&nbsp;l&rsquo;univers de la TV, de l&rsquo;audio et d&rsquo;Internet. Ce mois-ci, nous nous sommes int\u00e9ress\u00e9s&nbsp;aux besoins de&nbsp;l&rsquo;entrepreneur et [&hellip;]<\/p>\n","protected":false},"author":1,"featured_media":0,"parent":0,"menu_order":0,"comment_status":"closed","ping_status":"closed","template":"","meta":{"footnotes":"","tve_updated_post":"","tve_custom_css":"","tve_user_custom_css":"","tve_globals":{},"tcb2_ready":1,"tcb_editor_enabled":1,"tve_landing_page":"tcb2-blank-page","_tve_header":"0","_tve_footer":"0"},"class_list":["post-1545","page","type-page","status-publish","hentry","post-wrapper","thrv_wrapper"],"_links":{"self":[{"href":"https:\/\/facturozor.fr\/index.php\/wp-json\/wp\/v2\/pages\/1545"}],"collection":[{"href":"https:\/\/facturozor.fr\/index.php\/wp-json\/wp\/v2\/pages"}],"about":[{"href":"https:\/\/facturozor.fr\/index.php\/wp-json\/wp\/v2\/types\/page"}],"author":[{"embeddable":true,"href":"https:\/\/facturozor.fr\/index.php\/wp-json\/wp\/v2\/users\/1"}],"replies":[{"embeddable":true,"href":"https:\/\/facturozor.fr\/index.php\/wp-json\/wp\/v2\/comments?post=1545"}],"version-history":[{"count":57,"href":"https:\/\/facturozor.fr\/index.php\/wp-json\/wp\/v2\/pages\/1545\/revisions"}],"predecessor-version":[{"id":2861,"href":"https:\/\/facturozor.fr\/index.php\/wp-json\/wp\/v2\/pages\/1545\/revisions\/2861"}],"wp:attachment":[{"href":"https:\/\/facturozor.fr\/index.php\/wp-json\/wp\/v2\/media?parent=1545"}],"curies":[{"name":"wp","href":"https:\/\/api.w.org\/{rel}","templated":true}]}}