{"id":1307,"date":"2021-01-13T12:28:37","date_gmt":"2021-01-13T16:28:37","guid":{"rendered":"https:\/\/facturozor.fr\/?page_id=1307"},"modified":"2023-01-31T10:34:17","modified_gmt":"2023-01-31T14:34:17","slug":"1001brindilles","status":"publish","type":"page","link":"https:\/\/facturozor.fr\/index.php\/1001brindilles\/","title":{"rendered":"Cas d\u2019\u00e9tude 1001 Brindilles"},"content":{"rendered":"<p><a href=\"https:\/\/facturozor.fr\" data-id-d=\"0\" data-dynamic-link=\"thrive_global_shortcode_url\" data-shortcode-id=\"0\" data-img-style=\"width: 100%;\"><img loading=\"lazy\" decoding=\"async\" src=\"https:\/\/facturozor.fr\/wp-content\/uploads\/2020\/11\/facturozor-logotype-2020_bichromie-2.png\" height=\"828\" width=\"2826\" alt=\"\" style=\"width: 100%;\"><\/img><\/a>__CONFIG_group_edit __ {} __ CONFIG_group_edit____CONFIG_local_colors __ {\u00ab\u00a0colors\u00a0\u00bb: {}, \u00ab\u00a0gradients\u00a0\u00bb: {}} __ CONFIG_local_colors__<\/p>\n<h2 style=\"text-align: center;\"><span style=\"font-weight: normal;\">Comment \u00c9milie a pu EN FINIR avec&nbsp;<\/span><span style=\"font-weight: normal;\">son<\/span><\/h2>\n<h2 style=\"text-align: center;\"><span style=\"font-weight: normal;\">fameux \u00ab\u00a0Fichier Excel\u00a0\u00bb et rentrer&nbsp;<\/span><\/h2>\n<h2 style=\"text-align: center;\"><span style=\"font-weight: normal;\"><\/span>PLUS T\u00d4T <span style=\"font-weight: normal;\">chez elle?<\/span><\/h2>\n<p><span style=\"\"><img decoding=\"async\" alt=\"\" data-id=\"1318\" width=\"259\" data-init-width=\"525\" height=\"117\" data-init-height=\"237\" title=\"Logo 1001 brindilles\" loading=\"lazy\" src=\"https:\/\/facturozor.fr\/wp-content\/uploads\/2021\/01\/Logo-1001-brindilles-e1610504730706.png\" data-width=\"259\" data-height=\"117\" style=\"\" ml-d=\"0\" mt-d=\"-2.3440000000000083\"><\/span><a href=\"https:\/\/www.facebook.com\/1001brindilles\" target=\"_blank\" rel=\"noopener\"><\/a><a href=\"https:\/\/www.instagram.com\/1001brindilles\/\" target=\"_blank\" rel=\"noopener\"><\/a><\/p>\n<p dir=\"ltr\" style=\"text-align: justify;\">Nous sommes partis \u00e0 la rencontre&nbsp;<strong>d&rsquo;\u00c9milie la g\u00e9rante du restaurant 1001 Brindilles<\/strong> qui propose des plats \u00e0 emporter aux saveurs d&rsquo;ici et d&rsquo;ailleurs faits maison.&nbsp;En tant <strong>qu&rsquo;utilisatrice de l&rsquo;application Facturozor<\/strong> , elle nous a parl\u00e9 du changement que celle-ci op\u00e8re dans son quotidien de restauratrice.&nbsp;<\/p>\n<p dir=\"ltr\" style=\"text-align: justify;\">\n<p dir=\"ltr\" style=\"text-align: justify;\">En effet, elle enfile pas mal de casquettes au sein de son entreprise, gestionnaire, cuisini\u00e8re, p\u00e2tissi\u00e8re, vendeuse\u2026 Il lui fallait donc un outil qui lui soit<strong> simple d\u2019utilisation<\/strong> , qui lui fasse&nbsp; <strong>gagner du temps<\/strong>&nbsp;et qui lui permette d&rsquo;avoir<strong> une&nbsp;<\/strong><strong> meilleure visibilit\u00e9<\/strong>&nbsp;sur ses ventes et d\u00e9penses &#8230;<\/p>\n<p dir=\"ltr\" style=\"text-align: center;\"><strong>Facturozor<\/strong> est arriv\u00e9 \u00e0 point nomm\u00e9!<\/p>\n<p dir=\"ltr\" style=\"text-align: justify;\">Nous sommes partis \u00e0 la rencontre&nbsp;<strong>d&rsquo;\u00c9milie la g\u00e9rante du restaurant 1001 Brindilles<\/strong> qui propose des plats \u00e0 emporter aux saveurs d&rsquo;ici et d&rsquo;ailleurs faits maison.&nbsp;En tant <strong>qu&rsquo;utilisatrice de l&rsquo;application Facturozor<\/strong> , elle nous a parl\u00e9 du changement que celle-ci op\u00e8re dans son quotidien de restauratrice.&nbsp;<\/p>\n<p dir=\"ltr\" style=\"text-align: justify;\">\n<p dir=\"ltr\" style=\"text-align: justify;\">En effet, elle enfile pas mal de casquettes au sein de son entreprise, gestionnaire, cuisini\u00e8re, p\u00e2tissi\u00e8re, vendeuse\u2026 Il lui fallait donc un outil qui lui soit<strong> simple d\u2019utilisation<\/strong> , qui lui fasse&nbsp; <strong>gagner du temps<\/strong>&nbsp;et qui lui permette d&rsquo;avoir<strong> une&nbsp;<\/strong><strong> meilleure visibilit\u00e9<\/strong>&nbsp;sur ses ventes et d\u00e9penses &#8230;<\/p>\n<p dir=\"ltr\" style=\"text-align: center;\"><strong>Facturozor<\/strong> est arriv\u00e9 \u00e0 point nomm\u00e9!<\/p>\n<p style=\"text-align: justify;\">Ce que j&rsquo;ai avec Facturozor, je ne l&rsquo;avais pas du tout avec mon simple fichier Excel qui me permettait juste d&rsquo;avoir mon chiffre d&rsquo;affaires par jour. Aujourd&rsquo;hui j&rsquo;ai plus qu&rsquo;un chiffre d&rsquo;affaires par jour, j&rsquo;ai vraiment une visibilit\u00e9 sur la fa\u00e7on dont je travaille au quotidien!<\/p>\n<h4 style=\"text-align: center;\">\u00c9MILIE<\/h4>\n<p dir=\"ltr\" style=\"text-align: justify;\">Auparavant, \u00c9milie utilisait Excel afin de&nbsp;<strong> saisir ses d\u00e9penses<\/strong> ,&nbsp; <strong>ses ventes<\/strong> &nbsp;et suivre son&nbsp; <strong>chiffre d&rsquo;affaires journalier<\/strong> . Mais une petite erreur dans la saisie manuelle des donn\u00e9es l&rsquo;oblige \u00e0 tout reprendre et v\u00e9rifier. Depuis qu&rsquo;elle utilise Facturozor elle ne perd plus son temps \u00e0 calculer et v\u00e9rifier les tickets \u00e0 3 fois!&nbsp;Cette &nbsp;t\u00e2che chronophage ne fait plus partie de son quotidien, et elle en est ravie!<\/p>\n<p dir=\"ltr\" style=\"text-align: justify;\">Elle avait besoin d&rsquo;un outil qui lui permette d&rsquo;avoir des <strong>rapports sur son entreprise<\/strong> afin d&rsquo;am\u00e9liorer sa <strong>gestion<\/strong>&nbsp;et d&rsquo;<strong>anticiper sur le mois d&rsquo;apr\u00e8s<\/strong> mais \u00e9galement d&rsquo;une <strong>caisse lui facilitant les calculs r\u00e9currents<\/strong> &nbsp;lors des ventes. Un de ses amis lui a conseill\u00e9 Facturozor, apr\u00e8s la d\u00e9mo, elle \u00e9tait s\u00e9duite &#8230; <strong>Le lendemain elle \u00e9tait op\u00e9rationnelle !<\/strong><\/p>\n<p style=\"\"><strong>\u00c9milie<\/strong><\/p>\n<p style=\"text-align: justify;\"><strong>\u00ab\u00a0Avant je prenais ma calculatrice, je calculais dans mon fichier excel, alors que l\u00e0 j&rsquo;ai juste \u00e0 rentrer paiement CB, paiement ticket restaurant &#8230; \u00e7a me fait le d\u00e9compte tout simplement donc je n&rsquo;ai pas \u00e0 prendre la calculatrice pour savoir ce qu&rsquo;il me reste \u00e0 donner.&nbsp; <\/strong><strong> \u00ab\u00a0<\/strong><\/p>\n<p dir=\"ltr\" style=\"text-align: justify; color: rgb(1, 54, 65) !important; --tcb-applied-color:rgb(1, 54, 65)  !important;\"><span style=\"font-family: Poppins; font-weight: 400; --tcb-applied-color:rgb(1, 54, 65)  !important;\">Depuis la p\u00e9riode du Covid, elle conna\u00eet un flux plus dense car elle propose uniquement des plats \u00e0 emporter afin de respecter les normes \u00e9tablies concernant les restaurateurs.&nbsp;<\/span><span style=\"font-weight: 400; --tcb-applied-color:rgb(1, 54, 65)  !important;\"><span style=\"font-family: Poppins; --tcb-applied-color:rgb(1, 54, 65)  !important;\"><span style=\"--tcb-applied-color:rgb(1, 54, 65)  !important;\">Elle s&rsquo;est d\u00e9barrass\u00e9e de son tableur qu&rsquo;elle devait remplir \u00e0 la fin de chaque journ\u00e9e de travail par l&rsquo;outil Facturozor qu&rsquo;elle&nbsp;<\/span><\/span><\/span><span style=\"--tcb-applied-color:rgb(1, 54, 65)  !important;\"><span style=\"font-family: Poppins; --tcb-applied-color:rgb(1, 54, 65)  !important;\"><span style=\"--tcb-applied-color:rgb(1, 54, 65)  !important;\"><strong> remplit instantan\u00e9ment.<\/strong><\/span><\/span><\/span><\/p>\n<p dir=\"ltr\" style=\"text-align: justify; color: rgb(1, 54, 65) !important; --tcb-applied-color:rgb(1, 54, 65)  !important;\">En plus d&rsquo;\u00eatre <strong>disponible \u00e0 tout moment<\/strong>, Guillian propose aux utilisateurs un <strong>mode de Test<\/strong> pour qu&rsquo;ils prennent en main l&rsquo;outil. C&rsquo;est ce qu&rsquo;\u00c9milie a fait la &nbsp;premi\u00e8re soir\u00e9e, et <strong>d\u00e8s le lendemain, elle a bascul\u00e9 en mode Production&nbsp;<\/strong>et a d\u00e9but\u00e9 ses ventes sans perdre <strong>1 minute.<\/strong><\/p>\n<p style=\"text-align: center;\"><strong>\u00ab\u00a0C&rsquo;est tr\u00e8s intuitif comme logiciel.\u00a0\u00bb<\/strong><\/p>\n<p><span style=\"\"><img decoding=\"async\" alt=\"\" data-id=\"1313\" width=\"719\" data-init-width=\"1280\" height=\"373\" data-init-height=\"664\" title=\"Image WhatsApp 2021-01-11 \u00e0 14.35.13\" loading=\"lazy\" src=\"https:\/\/facturozor.fr\/wp-content\/uploads\/2021\/01\/WhatsApp-Image-2021-01-11-at-14.35.13.jpeg\" data-width=\"719\" data-height=\"373\" style=\"\" ml-d=\"-108.96900000000005\" mt-d=\"0\" ml-t=\"-100.156\"><span style=\"\"><\/span><\/span><\/p>\n<p dir=\"ltr\" style=\"text-align: justify;\"><span><span>En plus d&rsquo;\u00eatre <\/span><strong>facile d&rsquo;utilisation <\/strong><span>, Facturozor est accessible sur <strong>diff\u00e9rents formats, ordinateur, tablette, portable<\/strong> , tout simplement car il se trouve sur le <strong>Cloud<\/strong> . Elle n&rsquo;a donc pas eu<\/span><span><span><strong>&nbsp;\u00e0 faire d&rsquo;achat de mat\u00e9riel informatique suppl\u00e9mentaire.&nbsp;<\/strong><span><\/span><\/span><\/span><\/span><\/p>\n<p dir=\"ltr\" style=\"text-align: justify; color: rgb(252, 161, 20) !important; --tcb-applied-color:rgb(252, 161, 20)  !important;\"><span style=\"font-family: Poppins; font-weight: 400; --tcb-applied-color:rgb(252, 161, 20)  !important;\">Elle nous a confi\u00e9 qu&rsquo;elle&nbsp;<\/span><span style=\"font-family: Poppins; --tcb-applied-color:rgb(252, 161, 20)  !important;\"><strong>gagnait du temps<\/strong><\/span><span style=\"font-family: Poppins; font-weight: 400; --tcb-applied-color:rgb(252, 161, 20)  !important;\">&nbsp; car apr\u00e8s avoir cl\u00f4tur\u00e9 sa caisse,&nbsp;<\/span><span style=\"font-family: Poppins; --tcb-applied-color:rgb(252, 161, 20)  !important;\"><strong>elle rentre PLUS T\u00d4T&nbsp;<\/strong> contrairement \u00e0 avant o\u00f9 elle utilisait l&rsquo;outil Excel <\/span><span style=\"font-family: Poppins; font-weight: 400; --tcb-applied-color:rgb(252, 161, 20)  !important;\">&nbsp;sur lequel il lui arrivait de faire des erreurs qu&rsquo;elle devait revoir chez elle.<\/span><\/p>\n<p><span style=\"\"><img decoding=\"async\" alt=\"\" data-id=\"1318\" width=\"259\" data-init-width=\"525\" height=\"117\" data-init-height=\"237\" title=\"Logo 1001 brindilles\" loading=\"lazy\" src=\"https:\/\/facturozor.fr\/wp-content\/uploads\/2021\/01\/Logo-1001-brindilles-e1610504730706.png\" data-width=\"259\" data-height=\"117\" style=\"\" ml-d=\"0\" mt-d=\"-2.3440000000000083\"><\/span><a href=\"https:\/\/www.facebook.com\/1001brindilles\" target=\"_blank\" rel=\"noopener\"><\/a><a href=\"https:\/\/www.instagram.com\/1001brindilles\/\" target=\"_blank\" rel=\"noopener\"><\/a><\/p>\n<h1 style=\"text-align: center;\"><span>Si vous aussi vous souhaitez rentrer <\/span><\/h1>\n<h1 style=\"text-align: center;\"><span>chez-vous plus t\u00f4t &#8230;<\/span><\/h1>\n","protected":false},"excerpt":{"rendered":"<p>__CONFIG_group_edit __ {} __ CONFIG_group_edit____CONFIG_local_colors __ {\u00ab\u00a0colors\u00a0\u00bb: {}, \u00ab\u00a0gradients\u00a0\u00bb: {}} __ CONFIG_local_colors__ Comment \u00c9milie a pu EN FINIR avec&nbsp;son fameux \u00ab\u00a0Fichier Excel\u00a0\u00bb et rentrer&nbsp; PLUS T\u00d4T chez elle? Nous sommes partis \u00e0 la rencontre&nbsp;d&rsquo;\u00c9milie la g\u00e9rante du restaurant 1001 Brindilles qui propose des plats \u00e0 emporter aux saveurs d&rsquo;ici et d&rsquo;ailleurs faits maison.&nbsp;En tant qu&rsquo;utilisatrice [&hellip;]<\/p>\n","protected":false},"author":1,"featured_media":0,"parent":0,"menu_order":0,"comment_status":"closed","ping_status":"closed","template":"","meta":{"footnotes":"","tve_updated_post":"","tve_custom_css":"","tve_user_custom_css":"","tve_globals":{},"tcb2_ready":1,"tcb_editor_enabled":1,"tve_landing_page":"tcb2-blank-page","_tve_header":"0","_tve_footer":"0"},"class_list":["post-1307","page","type-page","status-publish","hentry","post-wrapper","thrv_wrapper"],"_links":{"self":[{"href":"https:\/\/facturozor.fr\/index.php\/wp-json\/wp\/v2\/pages\/1307"}],"collection":[{"href":"https:\/\/facturozor.fr\/index.php\/wp-json\/wp\/v2\/pages"}],"about":[{"href":"https:\/\/facturozor.fr\/index.php\/wp-json\/wp\/v2\/types\/page"}],"author":[{"embeddable":true,"href":"https:\/\/facturozor.fr\/index.php\/wp-json\/wp\/v2\/users\/1"}],"replies":[{"embeddable":true,"href":"https:\/\/facturozor.fr\/index.php\/wp-json\/wp\/v2\/comments?post=1307"}],"version-history":[{"count":107,"href":"https:\/\/facturozor.fr\/index.php\/wp-json\/wp\/v2\/pages\/1307\/revisions"}],"predecessor-version":[{"id":2859,"href":"https:\/\/facturozor.fr\/index.php\/wp-json\/wp\/v2\/pages\/1307\/revisions\/2859"}],"wp:attachment":[{"href":"https:\/\/facturozor.fr\/index.php\/wp-json\/wp\/v2\/media?parent=1307"}],"curies":[{"name":"wp","href":"https:\/\/api.w.org\/{rel}","templated":true}]}}